{"id":19,"date":"2021-07-16T12:06:26","date_gmt":"2021-07-16T12:06:26","guid":{"rendered":"http:\/\/cphcqdq.cluster028.hosting.ovh.net\/parafia_parafianka\/?page_id=19"},"modified":"2022-09-20T09:11:35","modified_gmt":"2022-09-20T09:11:35","slug":"historia-parafii","status":"publish","type":"page","link":"https:\/\/parafia-parafianka.pl\/index.php\/historia-parafii\/","title":{"rendered":"Historia Parafii"},"content":{"rendered":"\n<p><\/p>\n\n\n\n<p class=\"has-white-color has-text-color\" style=\"font-size:24px\"><em>W 1939 roku w Parafiance wybudowano plebani\u0119, gdzie w latach 1940-1942 odprawiali ks. W\u0142adys\u0142aw Krawczyk \u2013 proboszcz parafii Go\u0142\u0105b i wikariusze \u2013 ks. J\u00f3zef Pajurek i ks. Stanis\u0142aw Sawicki sprawowali liturgi\u0119. W 1941 roku rozpocz\u0119to prace nad wzniesieniem drewnianego ko\u015bcio\u0142a, kt\u00f3ry uko\u0144czono rok p\u00f3\u017aniej. Udzia\u0142 w powstaniu parafii w Parafiance bra\u0142 ks. proboszcz parafii Go\u0142\u0105b &#8211; W\u0142adys\u0142aw Krawczyk. Parafia rzymsko-katolicka w Parafiance zosta\u0142a erygowana z dnia 21 stycznia 1943 roku dekretem ks. Biskupa Mariana Leona Fulmana, ordynariusza diecezji lubelskiej. Do nowej parafii wesz\u0142y Cezaryn,&nbsp;Ko\u015bmin&nbsp;i Strzy\u017cowice, nale\u017c\u0105ce przedtem do parafii Go\u0142\u0105b, oraz Parafiank\u0119,&nbsp;Wilczank\u0119, Skrudki, Jawor\u00f3w, kol. Por\u0119b\u0119 i dw\u00f3r Zag\u00f3rki, kt\u00f3re przedtem wchodzi\u0142y w sk\u0142ad parafii \u017byrzyn. Inicjatywa wzniesienia ko\u015bcio\u0142a murowanego wysz\u0142a w latach osiemdziesi\u0105tych od ksi\u0119dza proboszcza Henryka J\u00f3zefko. Prace nad nim zako\u0144czono w 1994 roku.<\/em><\/p>\n\n\n\n<div class=\"wp-block-image\"><figure class=\"aligncenter size-full\"><img loading=\"lazy\" width=\"639\" height=\"479\" src=\"https:\/\/parafia-parafianka.pl\/wp-content\/uploads\/2022\/09\/S6306460-2.jpg\" alt=\"\" class=\"wp-image-1785\" srcset=\"https:\/\/parafia-parafianka.pl\/wp-content\/uploads\/2022\/09\/S6306460-2.jpg 639w, https:\/\/parafia-parafianka.pl\/wp-content\/uploads\/2022\/09\/S6306460-2-300x225.jpg 300w\" sizes=\"(max-width: 639px) 100vw, 639px\" \/><figcaption><em><strong>Ks. Henryk J\u00f3zefko &#8211; budowniczy ko\u015bcio\u0142a<\/strong><\/em><\/figcaption><\/figure><\/div>\n\n\n\n<p class=\"has-white-color has-text-color\" style=\"font-size:24px\"><strong>Proboszczowie parafii:<\/strong><\/p>\n\n\n\n<p class=\"has-white-color has-text-color\" style=\"font-size:24px\">W latach 1940 \u2013 1942 w parafii Parafianka pos\u0142ugiwa\u0142 proboszcz parafii Go\u0142\u0105b <br>ks. W\u0142adys\u0142aw Krawczyk<\/p>\n\n\n\n<p class=\"has-white-color has-text-color\" style=\"font-size:24px\">1 stycznia 1943 \u2013 30 pa\u017adziernika 1944 ks. Czes\u0142aw Furtak<\/p>\n\n\n\n<p class=\"has-white-color has-text-color\" style=\"font-size:24px\">1 listopada 1944 \u2013 30 kwietnia 1945 ks. Witold Sta\u0144czak<\/p>\n\n\n\n<p class=\"has-white-color has-text-color\" style=\"font-size:24px\">1 maja 1945 \u2013 31 pa\u017adziernika 1946 ks. Franciszek Korwin Milewski<\/p>\n\n\n\n<p class=\"has-white-color has-text-color\" style=\"font-size:22px\">1 listopada 1946 \u2013 30 kwietnia 1947 ks. Stefan Bielawski<\/p>\n\n\n\n<p class=\"has-white-color has-text-color\" style=\"font-size:22px\">1 maja 1947 \u2013 31 lipca 1949 ks. Jan Modrzejewski<\/p>\n\n\n\n<p class=\"has-white-color has-text-color\" style=\"font-size:22px\">1 sierpnia 1949 \u2013 25 stycznia 1961 ks. Stefan K\u0119dzierski<\/p>\n\n\n\n<p class=\"has-white-color has-text-color\" style=\"font-size:22px\">26 stycznia 1961 \u2013 28 czerwca 1999 ks. Henryk J\u00f3zefko<\/p>\n\n\n\n<p class=\"has-white-color has-text-color\" style=\"font-size:22px\">29 czerwca 1999 \u2013 8 lipca 2010 ks. Stefan Kloza<\/p>\n\n\n\n<p class=\"has-white-color has-text-color\" style=\"font-size:22px\">9 lipca 2010 \u2013 2 lipca 2015 ks. Marian Walenty Plichowiec<\/p>\n\n\n\n<p class=\"has-white-color has-text-color\" style=\"font-size:22px\">3 lipca 2015 \u2013 28 listopada 2020 ks. Jaros\u0142aw Zbigniew Wa\u015b<\/p>\n\n\n\n<p class=\"has-white-color has-text-color\" style=\"font-size:22px\">29 listopada 2020 \u2013 obecnie ks. Pawe\u0142 Piotr Janczak<\/p>\n\n\n\n<p><\/p>\n","protected":false},"excerpt":{"rendered":"<p>W 1939 roku w Parafiance wybudowano plebani\u0119, gdzie w latach 1940-1942 odprawiali ks. W\u0142adys\u0142aw Krawczyk \u2013 proboszcz parafii Go\u0142\u0105b i wikariusze \u2013 ks. J\u00f3zef Pajurek i ks. Stanis\u0142aw Sawicki sprawowali liturgi\u0119. W 1941 roku rozpocz\u0119to prace nad wzniesieniem drewnianego ko\u015bcio\u0142a, kt\u00f3ry uko\u0144czono rok p\u00f3\u017aniej. Udzia\u0142 w powstaniu parafii w Parafiance bra\u0142 ks. proboszcz parafii Go\u0142\u0105b &#8211; W\u0142adys\u0142aw Krawczyk. Parafia rzymsko-katolicka w Parafiance zosta\u0142a erygowana z dnia 21 stycznia 1943 roku dekretem ks. Biskupa Mariana Leona Fulmana, ordynariusza diecezji lubelskiej. Do nowej parafii wesz\u0142y Cezaryn,&nbsp;Ko\u015bmin&nbsp;i Strzy\u017cowice, nale\u017c\u0105ce przedtem do parafii Go\u0142\u0105b, oraz Parafiank\u0119,&nbsp;Wilczank\u0119, Skrudki, Jawor\u00f3w, kol. Por\u0119b\u0119 i dw\u00f3r Zag\u00f3rki, kt\u00f3re przedtem wchodzi\u0142y w sk\u0142ad parafii \u017byrzyn. Inicjatywa wzniesienia ko\u015bcio\u0142a murowanego wysz\u0142a w latach osiemdziesi\u0105tych od ksi\u0119dza proboszcza Henryka J\u00f3zefko. Prace nad nim zako\u0144czono w 1994 roku. Proboszczowie parafii: W latach 1940 \u2013 1942 w parafii Parafianka pos\u0142ugiwa\u0142 proboszcz parafii Go\u0142\u0105b ks. W\u0142adys\u0142aw Krawczyk 1 stycznia 1943 \u2013 30 pa\u017adziernika 1944 ks. Czes\u0142aw Furtak 1 listopada 1944 \u2013 30 kwietnia 1945 ks. Witold Sta\u0144czak 1 maja 1945 \u2013 31 pa\u017adziernika 1946 ks. Franciszek Korwin Milewski 1 listopada 1946 \u2013 30 kwietnia 1947 ks. Stefan Bielawski 1 maja 1947 \u2013 31 lipca 1949 ks. Jan Modrzejewski 1 sierpnia 1949 \u2013 25 stycznia 1961 ks. Stefan K\u0119dzierski 26 stycznia 1961 \u2013 28 czerwca 1999 ks. Henryk J\u00f3zefko 29 czerwca 1999 \u2013 8 lipca 2010 ks. Stefan Kloza 9 lipca 2010 \u2013 2 lipca 2015 ks. Marian Walenty Plichowiec 3 lipca 2015 \u2013 28 listopada 2020 ks. Jaros\u0142aw Zbigniew Wa\u015b 29 listopada 2020 \u2013 obecnie ks. Pawe\u0142 Piotr Janczak<\/p>\n","protected":false},"author":1,"featured_media":0,"parent":0,"menu_order":0,"comment_status":"closed","ping_status":"closed","template":"","meta":[],"_links":{"self":[{"href":"https:\/\/parafia-parafianka.pl\/index.php\/wp-json\/wp\/v2\/pages\/19"}],"collection":[{"href":"https:\/\/parafia-parafianka.pl\/index.php\/wp-json\/wp\/v2\/pages"}],"about":[{"href":"https:\/\/parafia-parafianka.pl\/index.php\/wp-json\/wp\/v2\/types\/page"}],"author":[{"embeddable":true,"href":"https:\/\/parafia-parafianka.pl\/index.php\/wp-json\/wp\/v2\/users\/1"}],"replies":[{"embeddable":true,"href":"https:\/\/parafia-parafianka.pl\/index.php\/wp-json\/wp\/v2\/comments?post=19"}],"version-history":[{"count":15,"href":"https:\/\/parafia-parafianka.pl\/index.php\/wp-json\/wp\/v2\/pages\/19\/revisions"}],"predecessor-version":[{"id":1789,"href":"https:\/\/parafia-parafianka.pl\/index.php\/wp-json\/wp\/v2\/pages\/19\/revisions\/1789"}],"wp:attachment":[{"href":"https:\/\/parafia-parafianka.pl\/index.php\/wp-json\/wp\/v2\/media?parent=19"}],"curies":[{"name":"wp","href":"https:\/\/api.w.org\/{rel}","templated":true}]}}